{"id":8289,"date":"2023-01-26T19:20:37","date_gmt":"2023-01-27T01:20:37","guid":{"rendered":"https:\/\/mydiscoverit.ca\/?page_id=8289"},"modified":"2024-03-06T21:05:34","modified_gmt":"2024-03-07T03:05:34","slug":"nous-contacter","status":"publish","type":"page","link":"https:\/\/mydiscoverit.ca\/fr\/nous-contacter\/","title":{"rendered":"Nous contacter"},"content":{"rendered":"\n\n<div class=\"wpcf7 no-js\" id=\"wpcf7-f10322-o1\" lang=\"en-US\" dir=\"ltr\" data-wpcf7-id=\"10322\">\n<div class=\"screen-reader-response\"><p role=\"status\" aria-live=\"polite\" aria-atomic=\"true\"><\/p> <ul><\/ul><\/div>\n<form action=\"\/fr\/wp-json\/wp\/v2\/pages\/8289#wpcf7-f10322-o1\" method=\"post\" class=\"wpcf7-form init\" aria-label=\"Contact form\" novalidate=\"novalidate\" data-status=\"init\">\n<fieldset class=\"hidden-fields-container\"><input type=\"hidden\" name=\"_wpcf7\" value=\"10322\" \/><input type=\"hidden\" name=\"_wpcf7_version\" value=\"6.1.5\" \/><input type=\"hidden\" name=\"_wpcf7_locale\" value=\"en_US\" \/><input type=\"hidden\" name=\"_wpcf7_unit_tag\" value=\"wpcf7-f10322-o1\" \/><input type=\"hidden\" name=\"_wpcf7_container_post\" value=\"0\" \/><input type=\"hidden\" name=\"_wpcf7_posted_data_hash\" value=\"\" \/>\n<\/fieldset>\n<p><label> Votre nom (obligatoire)<br \/>\n<span class=\"wpcf7-form-control-wrap\" data-name=\"your-name\"><input size=\"40\" maxlength=\"400\" class=\"wpcf7-form-control wpcf7-text wpcf7-validates-as-required\" aria-required=\"true\" aria-invalid=\"false\" value=\"\" type=\"text\" name=\"your-name\" \/><\/span> <\/label>\n<\/p>\n<p><label> Votre email (obligatoire)<br \/>\n<span class=\"wpcf7-form-control-wrap\" data-name=\"your-email\"><input size=\"40\" maxlength=\"400\" class=\"wpcf7-form-control wpcf7-email wpcf7-validates-as-required wpcf7-text wpcf7-validates-as-email\" aria-required=\"true\" aria-invalid=\"false\" value=\"\" type=\"email\" name=\"your-email\" \/><\/span> <\/label>\n<\/p>\n<p><label> Sujet<br \/>\n<span class=\"wpcf7-form-control-wrap\" data-name=\"your-subject\"><input size=\"40\" maxlength=\"400\" class=\"wpcf7-form-control wpcf7-text\" aria-invalid=\"false\" value=\"\" type=\"text\" name=\"your-subject\" \/><\/span> <\/label>\n<\/p>\n<p><label> Votre message<br \/>\n<span class=\"wpcf7-form-control-wrap\" data-name=\"your-message\"><textarea cols=\"40\" rows=\"10\" maxlength=\"2000\" class=\"wpcf7-form-control wpcf7-textarea\" aria-invalid=\"false\" name=\"your-message\"><\/textarea><\/span> <\/label>\n<\/p>\n<p>L\u2019Internet est un forum public et l\u2019information \u00e9lectronique peut \u00eatre intercept\u00e9e. Pour des raisons de s\u00e9curit\u00e9 et de respect de la vie priv\u00e9e, nous vous demandons de ne pas nous faire parvenir de renseignements personnels ou confidentiels, tels votre num\u00e9ro d\u2019assurance sociale, l\u2019adresse de votre domicile ou celle de votre bureau.\n<\/p>\n<p><input class=\"wpcf7-form-control wpcf7-submit has-spinner\" type=\"submit\" value=\"Envoyer\" \/>\n<\/p><div class=\"wpcf7-response-output\" aria-hidden=\"true\"><\/div>\n<\/form>\n<\/div>\n\n","protected":false},"excerpt":{"rendered":"","protected":false},"author":1,"featured_media":0,"parent":0,"menu_order":0,"comment_status":"closed","ping_status":"closed","template":"","meta":{"_acf_changed":false,"footnotes":""},"class_list":["post-8289","page","type-page","status-publish","hentry"],"acf":[],"yoast_head":"<!-- This site is optimized with the Yoast SEO plugin v27.3 - https:\/\/yoast.com\/product\/yoast-seo-wordpress\/ -->\n<title>Nous contacter - DiscoverIT<\/title>\n<meta name=\"robots\" content=\"index, follow, max-snippet:-1, max-image-preview:large, max-video-preview:-1\" \/>\n<link rel=\"canonical\" href=\"https:\/\/mydiscoverit.ca\/fr\/nous-contacter\/\" \/>\n<meta property=\"og:locale\" content=\"fr_CA\" \/>\n<meta property=\"og:type\" content=\"article\" \/>\n<meta property=\"og:title\" content=\"Nous contacter - DiscoverIT\" \/>\n<meta property=\"og:url\" content=\"https:\/\/mydiscoverit.ca\/fr\/nous-contacter\/\" \/>\n<meta property=\"og:site_name\" content=\"DiscoverIT\" \/>\n<meta property=\"article:modified_time\" content=\"2024-03-07T03:05:34+00:00\" \/>\n<meta name=\"twitter:card\" content=\"summary_large_image\" \/>\n<meta name=\"twitter:label1\" content=\"Estimation du temps de lecture\" \/>\n\t<meta name=\"twitter:data1\" content=\"1 minute\" \/>\n<script type=\"application\/ld+json\" class=\"yoast-schema-graph\">{\"@context\":\"https:\\\/\\\/schema.org\",\"@graph\":[{\"@type\":\"WebPage\",\"@id\":\"https:\\\/\\\/mydiscoverit.ca\\\/fr\\\/nous-contacter\\\/\",\"url\":\"https:\\\/\\\/mydiscoverit.ca\\\/fr\\\/nous-contacter\\\/\",\"name\":\"Nous contacter - DiscoverIT\",\"isPartOf\":{\"@id\":\"https:\\\/\\\/mydiscoverit.ca\\\/fr\\\/#website\"},\"datePublished\":\"2023-01-27T01:20:37+00:00\",\"dateModified\":\"2024-03-07T03:05:34+00:00\",\"breadcrumb\":{\"@id\":\"https:\\\/\\\/mydiscoverit.ca\\\/fr\\\/nous-contacter\\\/#breadcrumb\"},\"inLanguage\":\"fr-CA\",\"potentialAction\":[{\"@type\":\"ReadAction\",\"target\":[\"https:\\\/\\\/mydiscoverit.ca\\\/fr\\\/nous-contacter\\\/\"]}]},{\"@type\":\"BreadcrumbList\",\"@id\":\"https:\\\/\\\/mydiscoverit.ca\\\/fr\\\/nous-contacter\\\/#breadcrumb\",\"itemListElement\":[{\"@type\":\"ListItem\",\"position\":1,\"name\":\"Home\",\"item\":\"https:\\\/\\\/www.mydiscoverit.ca\\\/fr\\\/\"},{\"@type\":\"ListItem\",\"position\":2,\"name\":\"Nous contacter\"}]},{\"@type\":\"WebSite\",\"@id\":\"https:\\\/\\\/mydiscoverit.ca\\\/fr\\\/#website\",\"url\":\"https:\\\/\\\/mydiscoverit.ca\\\/fr\\\/\",\"name\":\"DiscoverIT\",\"description\":\"Discover heritage buildings and architecture.\",\"potentialAction\":[{\"@type\":\"SearchAction\",\"target\":{\"@type\":\"EntryPoint\",\"urlTemplate\":\"https:\\\/\\\/mydiscoverit.ca\\\/fr\\\/?s={search_term_string}\"},\"query-input\":{\"@type\":\"PropertyValueSpecification\",\"valueRequired\":true,\"valueName\":\"search_term_string\"}}],\"inLanguage\":\"fr-CA\"}]}<\/script>\n<!-- \/ Yoast SEO plugin. -->","yoast_head_json":{"title":"Nous contacter - DiscoverIT","robots":{"index":"index","follow":"follow","max-snippet":"max-snippet:-1","max-image-preview":"max-image-preview:large","max-video-preview":"max-video-preview:-1"},"canonical":"https:\/\/mydiscoverit.ca\/fr\/nous-contacter\/","og_locale":"fr_CA","og_type":"article","og_title":"Nous contacter - DiscoverIT","og_url":"https:\/\/mydiscoverit.ca\/fr\/nous-contacter\/","og_site_name":"DiscoverIT","article_modified_time":"2024-03-07T03:05:34+00:00","twitter_card":"summary_large_image","twitter_misc":{"Estimation du temps de lecture":"1 minute"},"schema":{"@context":"https:\/\/schema.org","@graph":[{"@type":"WebPage","@id":"https:\/\/mydiscoverit.ca\/fr\/nous-contacter\/","url":"https:\/\/mydiscoverit.ca\/fr\/nous-contacter\/","name":"Nous contacter - DiscoverIT","isPartOf":{"@id":"https:\/\/mydiscoverit.ca\/fr\/#website"},"datePublished":"2023-01-27T01:20:37+00:00","dateModified":"2024-03-07T03:05:34+00:00","breadcrumb":{"@id":"https:\/\/mydiscoverit.ca\/fr\/nous-contacter\/#breadcrumb"},"inLanguage":"fr-CA","potentialAction":[{"@type":"ReadAction","target":["https:\/\/mydiscoverit.ca\/fr\/nous-contacter\/"]}]},{"@type":"BreadcrumbList","@id":"https:\/\/mydiscoverit.ca\/fr\/nous-contacter\/#breadcrumb","itemListElement":[{"@type":"ListItem","position":1,"name":"Home","item":"https:\/\/www.mydiscoverit.ca\/fr\/"},{"@type":"ListItem","position":2,"name":"Nous contacter"}]},{"@type":"WebSite","@id":"https:\/\/mydiscoverit.ca\/fr\/#website","url":"https:\/\/mydiscoverit.ca\/fr\/","name":"DiscoverIT","description":"Discover heritage buildings and architecture.","potentialAction":[{"@type":"SearchAction","target":{"@type":"EntryPoint","urlTemplate":"https:\/\/mydiscoverit.ca\/fr\/?s={search_term_string}"},"query-input":{"@type":"PropertyValueSpecification","valueRequired":true,"valueName":"search_term_string"}}],"inLanguage":"fr-CA"}]}},"_links":{"self":[{"href":"https:\/\/mydiscoverit.ca\/fr\/wp-json\/wp\/v2\/pages\/8289","targetHints":{"allow":["GET"]}}],"collection":[{"href":"https:\/\/mydiscoverit.ca\/fr\/wp-json\/wp\/v2\/pages"}],"about":[{"href":"https:\/\/mydiscoverit.ca\/fr\/wp-json\/wp\/v2\/types\/page"}],"author":[{"embeddable":true,"href":"https:\/\/mydiscoverit.ca\/fr\/wp-json\/wp\/v2\/users\/1"}],"replies":[{"embeddable":true,"href":"https:\/\/mydiscoverit.ca\/fr\/wp-json\/wp\/v2\/comments?post=8289"}],"version-history":[{"count":2,"href":"https:\/\/mydiscoverit.ca\/fr\/wp-json\/wp\/v2\/pages\/8289\/revisions"}],"predecessor-version":[{"id":10324,"href":"https:\/\/mydiscoverit.ca\/fr\/wp-json\/wp\/v2\/pages\/8289\/revisions\/10324"}],"wp:attachment":[{"href":"https:\/\/mydiscoverit.ca\/fr\/wp-json\/wp\/v2\/media?parent=8289"}],"curies":[{"name":"wp","href":"https:\/\/api.w.org\/{rel}","templated":true}]}}