{"id":8287,"date":"2023-01-26T19:20:07","date_gmt":"2023-01-27T01:20:07","guid":{"rendered":"https:\/\/mydiscoverit.ca\/?page_id=8287"},"modified":"2024-03-06T21:07:19","modified_gmt":"2024-03-07T03:07:19","slug":"droits-dauteur-et-autorisations","status":"publish","type":"page","link":"https:\/\/mydiscoverit.ca\/fr\/droits-dauteur-et-autorisations\/","title":{"rendered":"Droits d\u2019auteur et autorisations"},"content":{"rendered":"\n<p>Ce site est administr\u00e9 par Heritage Winnipeg.\u00a0Sauf indication contraire, les textes, images, marques, illustrations, donn\u00e9es, documents audio et vid\u00e9o et autre mat\u00e9riel (le \u00ab\u202fcontenu\u00a0\u00bb) peuvent \u00eatre prot\u00e9g\u00e9s par des lois sur la propri\u00e9t\u00e9 intellectuelle ou d\u2019autres droits de propri\u00e9t\u00e9, y compris des droits contractuels, d\u00e9tenus par Heritage\u00a0Winnipeg.<\/p>\n\n\n\n<h3 class=\"wp-block-heading\">Utilisations autoris\u00e9es<\/h3>\n\n\n\n<p>Le mat\u00e9riel accessible au moyen de ce site Web a \u00e9t\u00e9 produit ou compil\u00e9 et affich\u00e9 \u00e0 des fins \u00e9ducatives et personnelles. Les utilisateurs peuvent utiliser le contenu de ce site dans la mesure o\u00f9 la loi le permet et sous r\u00e9serve des conditions suivantes\u00a0:<\/p>\n\n\n\n<ul class=\"wp-block-list\">\n<li>Les utilisateurs doivent mentionner la source du mat\u00e9riel. La citation de la source doit inclure l\u2019URL https:\/\/mydiscoverit.ca\/ ou l\u2019URL de l\u2019organisation patrimoniale ou du mus\u00e9e canadien qui a cr\u00e9\u00e9 le mat\u00e9riel.<\/li>\n\n\n\n<li>Tout droit d\u2019auteur associ\u00e9 et tout autre avis de propri\u00e9t\u00e9 doivent \u00eatre conserv\u00e9s.<\/li>\n\n\n\n<li>Les utilisateurs doivent respecter les conditions et restrictions suppl\u00e9mentaires qui peuvent s\u2019afficher sur les pages Web individuelles.<\/li>\n<\/ul>\n\n\n\n<h3 class=\"wp-block-heading\">Utilisations n\u00e9cessitant des autorisations<\/h3>\n\n\n\n<p>Sauf indication contraire, une autorisation \u00e9crite expresse de Heritage Winnipeg, du titulaire du droit d\u2019auteur ou d\u2019un intervenant reconnu est requise si vous souhaitez modifier, copier, reproduire, republier, afficher, transmettre ou distribuer le contenu de mani\u00e8re non mentionn\u00e9e ci-dessus, notamment pour une utilisation commerciale, une exposition ou une publication publique, ou pour un gain personnel. En outre, des fichiers haute r\u00e9solution peuvent \u00eatre obtenus aupr\u00e8s de Heritage Winnipeg. Pour obtenir des fichiers ou une autorisation, veuillez communiquer avec Heritage Winnipeg par l\u2019entremise de notre <a href=\"\/fr\/nous-contacter\/\">formulaire de contact<\/a> ou \u00e0 l\u2019adresse suivante :<\/p>\n\n\n\n<p>Heritage Winnipeg<br>63, rue\u00a0Albert, bureau\u00a01509<br>Winnipeg (Manitoba) R3B 1G4<br>T\u00e9l\u00e9phone\u00a0:\u00a0<a href=\"tel:12049422663\">204\u2011\u00a0942\u20112663<\/a><br>T\u00e9l\u00e9copieur\u00a0: 204-942-2094<\/p>\n","protected":false},"excerpt":{"rendered":"<p>Ce site est administr\u00e9 par Heritage Winnipeg.\u00a0Sauf indication contraire, les textes, images, marques, illustrations, donn\u00e9es, documents audio et vid\u00e9o et autre mat\u00e9riel (le \u00ab\u202fcontenu\u00a0\u00bb) peuvent \u00eatre prot\u00e9g\u00e9s par des lois sur la propri\u00e9t\u00e9 intellectuelle ou d\u2019autres droits de propri\u00e9t\u00e9, y compris des droits contractuels, d\u00e9tenus par Heritage\u00a0Winnipeg. Utilisations autoris\u00e9es Le mat\u00e9riel accessible au moyen de [&hellip;]<\/p>\n","protected":false},"author":1,"featured_media":0,"parent":0,"menu_order":0,"comment_status":"closed","ping_status":"closed","template":"","meta":{"_acf_changed":false,"footnotes":""},"class_list":["post-8287","page","type-page","status-publish","hentry"],"acf":[],"yoast_head":"<!-- This site is optimized with the Yoast SEO plugin v27.3 - https:\/\/yoast.com\/product\/yoast-seo-wordpress\/ -->\n<title>Droits d\u2019auteur et autorisations - DiscoverIT<\/title>\n<meta name=\"robots\" content=\"index, follow, max-snippet:-1, max-image-preview:large, max-video-preview:-1\" \/>\n<link rel=\"canonical\" href=\"https:\/\/mydiscoverit.ca\/fr\/droits-dauteur-et-autorisations\/\" \/>\n<meta property=\"og:locale\" content=\"fr_CA\" \/>\n<meta property=\"og:type\" content=\"article\" \/>\n<meta property=\"og:title\" content=\"Droits d\u2019auteur et autorisations - DiscoverIT\" \/>\n<meta property=\"og:description\" content=\"Ce site est administr\u00e9 par Heritage Winnipeg.\u00a0Sauf indication contraire, les textes, images, marques, illustrations, donn\u00e9es, documents audio et vid\u00e9o et autre mat\u00e9riel (le \u00ab\u202fcontenu\u00a0\u00bb) peuvent \u00eatre prot\u00e9g\u00e9s par des lois sur la propri\u00e9t\u00e9 intellectuelle ou d\u2019autres droits de propri\u00e9t\u00e9, y compris des droits contractuels, d\u00e9tenus par Heritage\u00a0Winnipeg. Utilisations autoris\u00e9es Le mat\u00e9riel accessible au moyen de [&hellip;]\" \/>\n<meta property=\"og:url\" content=\"https:\/\/mydiscoverit.ca\/fr\/droits-dauteur-et-autorisations\/\" \/>\n<meta property=\"og:site_name\" content=\"DiscoverIT\" \/>\n<meta property=\"article:modified_time\" content=\"2024-03-07T03:07:19+00:00\" \/>\n<meta name=\"twitter:card\" content=\"summary_large_image\" \/>\n<meta name=\"twitter:label1\" content=\"Estimation du temps de lecture\" \/>\n\t<meta name=\"twitter:data1\" content=\"2 minutes\" \/>\n<script type=\"application\/ld+json\" class=\"yoast-schema-graph\">{\"@context\":\"https:\\\/\\\/schema.org\",\"@graph\":[{\"@type\":\"WebPage\",\"@id\":\"https:\\\/\\\/mydiscoverit.ca\\\/fr\\\/droits-dauteur-et-autorisations\\\/\",\"url\":\"https:\\\/\\\/mydiscoverit.ca\\\/fr\\\/droits-dauteur-et-autorisations\\\/\",\"name\":\"Droits d\u2019auteur et autorisations - DiscoverIT\",\"isPartOf\":{\"@id\":\"https:\\\/\\\/mydiscoverit.ca\\\/fr\\\/#website\"},\"datePublished\":\"2023-01-27T01:20:07+00:00\",\"dateModified\":\"2024-03-07T03:07:19+00:00\",\"breadcrumb\":{\"@id\":\"https:\\\/\\\/mydiscoverit.ca\\\/fr\\\/droits-dauteur-et-autorisations\\\/#breadcrumb\"},\"inLanguage\":\"fr-CA\",\"potentialAction\":[{\"@type\":\"ReadAction\",\"target\":[\"https:\\\/\\\/mydiscoverit.ca\\\/fr\\\/droits-dauteur-et-autorisations\\\/\"]}]},{\"@type\":\"BreadcrumbList\",\"@id\":\"https:\\\/\\\/mydiscoverit.ca\\\/fr\\\/droits-dauteur-et-autorisations\\\/#breadcrumb\",\"itemListElement\":[{\"@type\":\"ListItem\",\"position\":1,\"name\":\"Home\",\"item\":\"https:\\\/\\\/www.mydiscoverit.ca\\\/fr\\\/\"},{\"@type\":\"ListItem\",\"position\":2,\"name\":\"Droits d\u2019auteur et autorisations\"}]},{\"@type\":\"WebSite\",\"@id\":\"https:\\\/\\\/mydiscoverit.ca\\\/fr\\\/#website\",\"url\":\"https:\\\/\\\/mydiscoverit.ca\\\/fr\\\/\",\"name\":\"DiscoverIT\",\"description\":\"Discover heritage buildings and architecture.\",\"potentialAction\":[{\"@type\":\"SearchAction\",\"target\":{\"@type\":\"EntryPoint\",\"urlTemplate\":\"https:\\\/\\\/mydiscoverit.ca\\\/fr\\\/?s={search_term_string}\"},\"query-input\":{\"@type\":\"PropertyValueSpecification\",\"valueRequired\":true,\"valueName\":\"search_term_string\"}}],\"inLanguage\":\"fr-CA\"}]}<\/script>\n<!-- \/ Yoast SEO plugin. -->","yoast_head_json":{"title":"Droits d\u2019auteur et autorisations - DiscoverIT","robots":{"index":"index","follow":"follow","max-snippet":"max-snippet:-1","max-image-preview":"max-image-preview:large","max-video-preview":"max-video-preview:-1"},"canonical":"https:\/\/mydiscoverit.ca\/fr\/droits-dauteur-et-autorisations\/","og_locale":"fr_CA","og_type":"article","og_title":"Droits d\u2019auteur et autorisations - DiscoverIT","og_description":"Ce site est administr\u00e9 par Heritage Winnipeg.\u00a0Sauf indication contraire, les textes, images, marques, illustrations, donn\u00e9es, documents audio et vid\u00e9o et autre mat\u00e9riel (le \u00ab\u202fcontenu\u00a0\u00bb) peuvent \u00eatre prot\u00e9g\u00e9s par des lois sur la propri\u00e9t\u00e9 intellectuelle ou d\u2019autres droits de propri\u00e9t\u00e9, y compris des droits contractuels, d\u00e9tenus par Heritage\u00a0Winnipeg. Utilisations autoris\u00e9es Le mat\u00e9riel accessible au moyen de [&hellip;]","og_url":"https:\/\/mydiscoverit.ca\/fr\/droits-dauteur-et-autorisations\/","og_site_name":"DiscoverIT","article_modified_time":"2024-03-07T03:07:19+00:00","twitter_card":"summary_large_image","twitter_misc":{"Estimation du temps de lecture":"2 minutes"},"schema":{"@context":"https:\/\/schema.org","@graph":[{"@type":"WebPage","@id":"https:\/\/mydiscoverit.ca\/fr\/droits-dauteur-et-autorisations\/","url":"https:\/\/mydiscoverit.ca\/fr\/droits-dauteur-et-autorisations\/","name":"Droits d\u2019auteur et autorisations - DiscoverIT","isPartOf":{"@id":"https:\/\/mydiscoverit.ca\/fr\/#website"},"datePublished":"2023-01-27T01:20:07+00:00","dateModified":"2024-03-07T03:07:19+00:00","breadcrumb":{"@id":"https:\/\/mydiscoverit.ca\/fr\/droits-dauteur-et-autorisations\/#breadcrumb"},"inLanguage":"fr-CA","potentialAction":[{"@type":"ReadAction","target":["https:\/\/mydiscoverit.ca\/fr\/droits-dauteur-et-autorisations\/"]}]},{"@type":"BreadcrumbList","@id":"https:\/\/mydiscoverit.ca\/fr\/droits-dauteur-et-autorisations\/#breadcrumb","itemListElement":[{"@type":"ListItem","position":1,"name":"Home","item":"https:\/\/www.mydiscoverit.ca\/fr\/"},{"@type":"ListItem","position":2,"name":"Droits d\u2019auteur et autorisations"}]},{"@type":"WebSite","@id":"https:\/\/mydiscoverit.ca\/fr\/#website","url":"https:\/\/mydiscoverit.ca\/fr\/","name":"DiscoverIT","description":"Discover heritage buildings and architecture.","potentialAction":[{"@type":"SearchAction","target":{"@type":"EntryPoint","urlTemplate":"https:\/\/mydiscoverit.ca\/fr\/?s={search_term_string}"},"query-input":{"@type":"PropertyValueSpecification","valueRequired":true,"valueName":"search_term_string"}}],"inLanguage":"fr-CA"}]}},"_links":{"self":[{"href":"https:\/\/mydiscoverit.ca\/fr\/wp-json\/wp\/v2\/pages\/8287","targetHints":{"allow":["GET"]}}],"collection":[{"href":"https:\/\/mydiscoverit.ca\/fr\/wp-json\/wp\/v2\/pages"}],"about":[{"href":"https:\/\/mydiscoverit.ca\/fr\/wp-json\/wp\/v2\/types\/page"}],"author":[{"embeddable":true,"href":"https:\/\/mydiscoverit.ca\/fr\/wp-json\/wp\/v2\/users\/1"}],"replies":[{"embeddable":true,"href":"https:\/\/mydiscoverit.ca\/fr\/wp-json\/wp\/v2\/comments?post=8287"}],"version-history":[{"count":2,"href":"https:\/\/mydiscoverit.ca\/fr\/wp-json\/wp\/v2\/pages\/8287\/revisions"}],"predecessor-version":[{"id":10326,"href":"https:\/\/mydiscoverit.ca\/fr\/wp-json\/wp\/v2\/pages\/8287\/revisions\/10326"}],"wp:attachment":[{"href":"https:\/\/mydiscoverit.ca\/fr\/wp-json\/wp\/v2\/media?parent=8287"}],"curies":[{"name":"wp","href":"https:\/\/api.w.org\/{rel}","templated":true}]}}