{"id":8283,"date":"2020-06-17T15:00:59","date_gmt":"2020-06-17T20:00:59","guid":{"rendered":"https:\/\/mydiscoverit.ca\/?page_id=8283"},"modified":"2024-10-02T14:54:26","modified_gmt":"2024-10-02T19:54:26","slug":"ressources-pedagogiques","status":"publish","type":"page","link":"https:\/\/mydiscoverit.ca\/fr\/ressources-pedagogiques\/","title":{"rendered":"Ressources p\u00e9dagogiques"},"content":{"rendered":"<div class=\"wp-block-image\">\n<figure class=\"alignleft size-large is-resized\"><img loading=\"lazy\" decoding=\"async\" width=\"1024\" height=\"683\" src=\"https:\/\/mydiscoverit.ca\/wp-content\/uploads\/2023\/08\/MG_1930-scaled-1-1024x683.jpg\" alt=\"\" class=\"wp-image-9623\" style=\"width:631px\" srcset=\"https:\/\/mydiscoverit.ca\/wp-content\/uploads\/2023\/08\/MG_1930-scaled-1-1024x683.jpg 1024w, https:\/\/mydiscoverit.ca\/wp-content\/uploads\/2023\/08\/MG_1930-scaled-1-300x200.jpg 300w, https:\/\/mydiscoverit.ca\/wp-content\/uploads\/2023\/08\/MG_1930-scaled-1-768x512.jpg 768w, https:\/\/mydiscoverit.ca\/wp-content\/uploads\/2023\/08\/MG_1930-scaled-1-1536x1024.jpg 1536w, https:\/\/mydiscoverit.ca\/wp-content\/uploads\/2023\/08\/MG_1930-scaled-1-2048x1366.jpg 2048w, https:\/\/mydiscoverit.ca\/wp-content\/uploads\/2023\/08\/MG_1930-scaled-1-512x341.jpg 512w, https:\/\/mydiscoverit.ca\/wp-content\/uploads\/2023\/08\/MG_1930-scaled-1-700x467.jpg 700w\" sizes=\"auto, (max-width: 1024px) 100vw, 1024px\" \/><\/figure>\n<\/div>\n\n\n<p>Recherchez les ressources p\u00e9dagogiques de DiscoverIT sur le th\u00e8me du style architectural, par niveau et par sujet.<\/p>\n\n\n\n<p>Dans votre propre quartier ou collectivit\u00e9, commencez \u00e0 examiner plus attentivement les b\u00e2timents et d\u00e9couvrez des d\u00e9tails et des \u00e9l\u00e9ments que vous n\u2019aviez pas remarqu\u00e9s. <\/p>\n\n\n\n<p>Vous pourrez reconna\u00eetre les similitudes et les diff\u00e9rences architecturales qui distinguent votre quartier des autres.<\/p>\n\n\n\n<div style=\"height:20px\" aria-hidden=\"true\" class=\"wp-block-spacer\"><\/div>\n\n\n\n<div class=\"wp-block-columns is-layout-flex wp-container-core-columns-is-layout-9d6595d7 wp-block-columns-is-layout-flex\">\n<div class=\"wp-block-column has-background is-layout-flow wp-block-column-is-layout-flow\" style=\"background-color:#f5f2f2\">\n<h2 class=\"wp-block-heading has-black-color has-text-color\" style=\"font-size:24px\">Adoptez un b\u00e2timent (Niveaux 4-8)<\/h2>\n\n\n\n<p>Les \u00e9tudiants identifieront les b\u00e2timents historiques de leur communaut\u00e9 qui ont \u00e9t\u00e9 r\u00e9adapt\u00e9s et r\u00e9utilis\u00e9s. En adoptant un b\u00e2timent, ils apprendront que la r\u00e9utilisation des b\u00e2timents est propice \u00e0 l\u2019environnement et \u00e9conomiquement profitable pour les communaut\u00e9s.<\/p>\n\n\n\n<div class=\"wp-block-buttons is-horizontal is-content-justification-center is-layout-flex wp-container-core-buttons-is-layout-499968f5 wp-block-buttons-is-layout-flex\">\n<div class=\"wp-block-button btn btn-brown\"><a class=\"wp-block-button__link wp-element-button\" href=\"https:\/\/mydiscoverit.ca\/wp-content\/uploads\/2024\/10\/01-Adoptez-un-batiment.pdf\">T\u00e9l\u00e9charger le PDF<\/a><\/div>\n<\/div>\n<\/div>\n\n\n\n<div class=\"wp-block-column has-background is-layout-flow wp-block-column-is-layout-flow\" style=\"background-color:#f5f2f2\">\n<h2 class=\"wp-block-heading has-black-color has-text-color\" style=\"font-size:24px\">Architectural Study of Your Neighbourhood (Niveaux 4-6) <\/h2>\n\n\n\n<p>Les \u00e9tudiants examineront leur communaut\u00e9 r\u00e9sidentielle environnante, observeront et discuteront des mod\u00e8les architecturaux aper\u00e7us dans le voisinage, \u00e9num\u00e9rant les dispositifs typiques de construction, caract\u00e9ristiques au mod\u00e8le architectural. Ensuite, les \u00e9tudiants esquisseront diff\u00e9rentes maisons ou d\u00e9tails architecturaux.<\/p>\n\n\n\n<div class=\"wp-block-buttons is-horizontal is-content-justification-center is-layout-flex wp-container-core-buttons-is-layout-499968f5 wp-block-buttons-is-layout-flex\">\n<div class=\"wp-block-button btn btn-brown\"><a class=\"wp-block-button__link wp-element-button\" href=\"https:\/\/mydiscoverit.ca\/wp-content\/uploads\/2024\/10\/02-Letude-architecturale-du-voisinage.pdf\">T\u00e9l\u00e9charger le PDF<\/a><\/div>\n<\/div>\n<\/div>\n\n\n\n<div class=\"wp-block-column has-background is-layout-flow wp-block-column-is-layout-flow\" style=\"background-color:#f5f2f2\">\n<h2 class=\"wp-block-heading has-black-color has-text-color\" style=\"font-size:24px\">Les styles architecturaux 01 <\/h2>\n\n\n\n<p>La classe explorera divers styles d\u2019architecture. Ensemble, la classe cr\u00e9era des b\u00e2timents d\u2019argile qui seront utilis\u00e9s pour cr\u00e9er une petite ville. La discussion se portera sur les cartes, les plans, et la structure des b\u00e2timents.<\/p>\n\n\n\n<div class=\"wp-block-buttons is-horizontal is-content-justification-center is-layout-flex wp-container-core-buttons-is-layout-499968f5 wp-block-buttons-is-layout-flex\">\n<div class=\"wp-block-button btn btn-brown\"><a class=\"wp-block-button__link wp-element-button\" href=\"https:\/\/mydiscoverit.ca\/wp-content\/uploads\/2024\/10\/03-Les-styles-architecturaux-1.pdf\">T\u00e9l\u00e9charger le PDF<\/a><\/div>\n<\/div>\n<\/div>\n<\/div>\n\n\n\n<div class=\"wp-block-columns is-layout-flex wp-container-core-columns-is-layout-9d6595d7 wp-block-columns-is-layout-flex\">\n<div class=\"wp-block-column has-background is-layout-flow wp-block-column-is-layout-flow\" style=\"background-color:#f5f2f2\">\n<h2 class=\"wp-block-heading has-black-color has-text-color\" style=\"font-size:24px\">Les styles architecturaux 02<\/h2>\n\n\n\n<p>L\u2019\u00e9tude des styles architecturaux est une fa\u00e7on passionnante pour rendre l\u2019histoire plus vivante et aider les \u00e9tudiants \u00e0 se sentir int\u00e9gr\u00e9s dans leur communaut\u00e9. Les styles fournissent des indices sur les pr\u00e9ocupations des gens durant les \u00e9poques pass\u00e9es et sur les fa\u00e7ons dont les gens s\u2019adaptaient aux nouvelles id\u00e9es et \u00e0 de nouveaux environnements.<\/p>\n\n\n\n<div class=\"wp-block-buttons is-horizontal is-content-justification-center is-layout-flex wp-container-core-buttons-is-layout-499968f5 wp-block-buttons-is-layout-flex\">\n<div class=\"wp-block-button btn btn-brown\"><a class=\"wp-block-button__link wp-element-button\" href=\"https:\/\/mydiscoverit.ca\/wp-content\/uploads\/2024\/10\/04-Les-styles-architecturaux-2.pdf\">T\u00e9l\u00e9charger le PDF<\/a><\/div>\n<\/div>\n<\/div>\n\n\n\n<div class=\"wp-block-column has-background is-layout-flow wp-block-column-is-layout-flow\" style=\"background-color:#f5f2f2\">\n<h2 class=\"wp-block-heading has-black-color has-text-color\" style=\"font-size:24px\">Utilisations des b\u00e2timents (Adaptables pour les niveaux 7-12)<\/h2>\n\n\n\n<p>Les \u00e9tudiants distinguer l\u2019utilit\u00e9 des b\u00e2timents : services r\u00e9sidentiels, commerciaux, industriels, publics, et communautaires. Les \u00e9tudiants montrer comment les b\u00e2timents construits sur une rue influence la taille, la forme, et la vie de celle-ci. Par exemple, les b\u00e2timents commerciaux cr\u00e9ent du trafic lourd de pi\u00e9tons et de v\u00e9hicules.<\/p>\n\n\n\n<div class=\"wp-block-buttons is-horizontal is-content-justification-center is-layout-flex wp-container-core-buttons-is-layout-499968f5 wp-block-buttons-is-layout-flex\">\n<div class=\"wp-block-button btn btn-brown\"><a class=\"wp-block-button__link wp-element-button\" href=\"https:\/\/mydiscoverit.ca\/wp-content\/uploads\/2024\/10\/05-Utlisations-des-batiments.pdf\">T\u00e9l\u00e9charger le PDF<\/a><\/div>\n<\/div>\n<\/div>\n\n\n\n<div class=\"wp-block-column has-background is-layout-flow wp-block-column-is-layout-flow\" style=\"background-color:#f5f2f2\">\n<h2 class=\"wp-block-heading has-black-color has-text-color\" style=\"font-size:24px\">Climat et construction (Niveaux 4-8)<\/h2>\n\n\n\n<p>Les \u00e9tudiants apprendront \u00e0 identifier trois formes structurales primaires d\u2019architecture : constructions de poteau et de faisceau, vo\u00fbtes arrondies, et vo\u00fbtes gothiques. Ils rechercheront ces formes sur les b\u00e2timents de la communaut\u00e9 et feront des exp\u00e9riences pour examiner la force de ces formes.<\/p>\n\n\n\n<div class=\"wp-block-buttons is-horizontal is-content-justification-center is-layout-flex wp-container-core-buttons-is-layout-499968f5 wp-block-buttons-is-layout-flex\">\n<div class=\"wp-block-button btn btn-brown\"><a class=\"wp-block-button__link wp-element-button\" href=\"https:\/\/mydiscoverit.ca\/wp-content\/uploads\/2024\/10\/06-Climat-et-construction.pdf\">T\u00e9l\u00e9charger le PDF<\/a><\/div>\n<\/div>\n<\/div>\n<\/div>\n\n\n\n<div class=\"wp-block-columns is-layout-flex wp-container-core-columns-is-layout-9d6595d7 wp-block-columns-is-layout-flex\">\n<div class=\"wp-block-column has-background is-layout-flow wp-block-column-is-layout-flow\" style=\"background-color:#f5f2f2\">\n<h2 class=\"wp-block-heading has-black-color has-text-color\" style=\"font-size:24px\">Comparez les cartes d\u2019histoire de Winnipeg<\/h2>\n\n\n\n<p>Les \u00e9tudiants identifieront les changements effectu\u00e9s avec le temps, dans leur communaut\u00e9. Les \u00e9tudiants se poseront la question : pourquoi les routes de transport, les entreprises, les industries et les maisons sont situ\u00e9s dans des endroits bien pr\u00e9cis ?<\/p>\n\n\n\n<div class=\"wp-block-buttons is-horizontal is-content-justification-center is-layout-flex wp-container-core-buttons-is-layout-499968f5 wp-block-buttons-is-layout-flex\">\n<div class=\"wp-block-button btn btn-brown\"><a class=\"wp-block-button__link wp-element-button\" href=\"https:\/\/mydiscoverit.ca\/wp-content\/uploads\/2024\/10\/07-Comparez-les-cartes-dhistoire-de-Winnipeg.pdf\">T\u00e9l\u00e9charger le PDF<\/a><\/div>\n<\/div>\n<\/div>\n\n\n\n<div class=\"wp-block-column has-background is-layout-flow wp-block-column-is-layout-flow\" style=\"background-color:#f5f2f2\">\n<h2 class=\"wp-block-heading has-black-color has-text-color\" style=\"font-size:24px\">Sites historiques (Niveaux 4-8) <\/h2>\n\n\n\n<p>Les \u00e9tudiants identifieront les &lt;&lt;bornes limites&gt;&gt; historiques et modernes dans leur ville.<\/p>\n\n\n\n<div class=\"wp-block-buttons is-horizontal is-content-justification-center is-layout-flex wp-container-core-buttons-is-layout-499968f5 wp-block-buttons-is-layout-flex\">\n<div class=\"wp-block-button btn btn-brown\"><a class=\"wp-block-button__link wp-element-button\" href=\"https:\/\/mydiscoverit.ca\/wp-content\/uploads\/2024\/10\/08-Sites-historiques.pdf\">T\u00e9l\u00e9charger le PDF<\/a><\/div>\n<\/div>\n<\/div>\n\n\n\n<div class=\"wp-block-column has-background is-layout-flow wp-block-column-is-layout-flow\" style=\"background-color:#f5f2f2\">\n<h2 class=\"wp-block-heading has-black-color has-text-color\" style=\"font-size:24px\">Analyse de carte<\/h2>\n\n\n\n<p>Dans cette unit\u00e9, en utilisant des mat\u00e9riaux faciles d\u2019acc\u00e8s, la carte de la ville et la carte routi\u00e8re de Winnipeg de l\u2019annuaire t\u00e9l\u00e9phonique, les \u00e9tudiants d\u00e9veloppent leur sens de l\u2019essentielle \u00e0 l\u2019analyse de carte. Une s\u00e9rie d\u2019activit\u00e9s coop\u00e9ratives d\u2019enrichissement renforce ces comp\u00e9tences.<\/p>\n\n\n\n<div class=\"wp-block-buttons is-horizontal is-content-justification-center is-layout-flex wp-container-core-buttons-is-layout-499968f5 wp-block-buttons-is-layout-flex\">\n<div class=\"wp-block-button btn btn-brown\"><a class=\"wp-block-button__link wp-element-button\" href=\"https:\/\/mydiscoverit.ca\/wp-content\/uploads\/2024\/10\/09-Analyse-de-carte.pdf\">T\u00e9l\u00e9charger le PDF<\/a><\/div>\n<\/div>\n<\/div>\n<\/div>\n\n\n\n<div class=\"wp-block-columns is-layout-flex wp-container-core-columns-is-layout-9d6595d7 wp-block-columns-is-layout-flex\">\n<div class=\"wp-block-column has-background is-layout-flow wp-block-column-is-layout-flow\" style=\"background-color:#f5f2f2\">\n<h2 class=\"wp-block-heading has-black-color has-text-color\" style=\"font-size:24px\">Restauration et r\u00e9novation<\/h2>\n\n\n\n<p>Les \u00e9tudiants pr\u00e9parent un tableau d\u2019affichage qui montre l\u2019identit\u00e9 changeante du centre ville.<\/p>\n\n\n\n<div class=\"wp-block-buttons is-horizontal is-content-justification-center is-layout-flex wp-container-core-buttons-is-layout-499968f5 wp-block-buttons-is-layout-flex\">\n<div class=\"wp-block-button btn btn-brown\"><a class=\"wp-block-button__link wp-element-button\" href=\"https:\/\/mydiscoverit.ca\/wp-content\/uploads\/2024\/10\/10-Restauration-et-renovation.pdf\">T\u00e9l\u00e9charger le PDF<\/a><\/div>\n<\/div>\n<\/div>\n\n\n\n<div class=\"wp-block-column has-background is-layout-flow wp-block-column-is-layout-flow\" style=\"background-color:#f5f2f2\">\n<h2 class=\"wp-block-heading has-black-color has-text-color\" style=\"font-size:24px\">Chronologies<\/h2>\n\n\n\n<p>Les chronologies sont une ressource que nous employons dans diff\u00e9rentes parties de nos vies pour comprendre des \u00e9v\u00e9nements et leur cause \u00e0 effet. Cette le\u00e7on peut \u00eatre enseign\u00e9e s\u00e9par\u00e9ment ou employ\u00e9e en tant qu\u2019\u00e9l\u00e9ment d\u2019une unit\u00e9 sur le patrimoine. Les \u00e9tudiants d\u00e9montreront une compr\u00e9hension envers l\u2019ordre chronologique des \u00e9v\u00e9nements historiques.<\/p>\n\n\n\n<div class=\"wp-block-buttons is-horizontal is-content-justification-center is-layout-flex wp-container-core-buttons-is-layout-499968f5 wp-block-buttons-is-layout-flex\">\n<div class=\"wp-block-button btn btn-brown\"><a class=\"wp-block-button__link wp-element-button\" href=\"https:\/\/mydiscoverit.ca\/wp-content\/uploads\/2024\/10\/11-Chronologies.pdf\">T\u00e9l\u00e9charger le PDF<\/a><\/div>\n<\/div>\n<\/div>\n\n\n\n<div class=\"wp-block-column is-layout-flow wp-block-column-is-layout-flow\"><\/div>\n<\/div>\n\n\n\n<h2 class=\"wp-block-heading\">Ressources suppl\u00e9mentaires<\/h2>\n\n\n\n<div class=\"wp-block-columns is-layout-flex wp-container-core-columns-is-layout-9d6595d7 wp-block-columns-is-layout-flex\">\n<div class=\"wp-block-column has-background is-layout-flow wp-block-column-is-layout-flow\" style=\"background-color:#f5f2f2\">\n<h2 class=\"wp-block-heading has-black-color has-text-color\" style=\"font-size:24px\">Winnipeg et le chemin de fer transcontinental<\/h2>\n\n\n\n<p>Cette le\u00e7on aide \u00e0 illustrer l\u2019importance du chemin de fer dans la colonisation de l\u2019ouest canadien.<\/p>\n\n\n\n<div class=\"wp-block-buttons is-horizontal is-content-justification-center is-layout-flex wp-container-core-buttons-is-layout-499968f5 wp-block-buttons-is-layout-flex\">\n<div class=\"wp-block-button btn btn-brown\"><a class=\"wp-block-button__link wp-element-button\" href=\"https:\/\/mydiscoverit.ca\/wp-content\/uploads\/2024\/10\/12-Winnipeg-et-le-chemin-de-fer-transcontinental.pdf\">T\u00e9l\u00e9charger le PDF<\/a><\/div>\n<\/div>\n<\/div>\n\n\n\n<div class=\"wp-block-column has-background is-layout-flow wp-block-column-is-layout-flow\" style=\"background-color:#f5f2f2\">\n<h2 class=\"wp-block-heading has-black-color has-text-color\" style=\"font-size:24px\">Entrevue avec une personne d\u2019\u00e2ge d\u2019or<\/h2>\n\n\n\n<p>Les \u00e9tudiants qui sont en train d\u2019apprendre des choses sur la vie quotidienne dans le Winnipeg du pass\u00e9, peuvent rendre cette \u00e9tude plus personnellement pertinente et excitante en interrogeant leurs parents, leurs grands-parents, et peut-\u00eatre, leurs arri\u00e8res grands-parents.<\/p>\n\n\n\n<div class=\"wp-block-buttons is-horizontal is-content-justification-center is-layout-flex wp-container-core-buttons-is-layout-499968f5 wp-block-buttons-is-layout-flex\">\n<div class=\"wp-block-button btn btn-brown\"><a class=\"wp-block-button__link wp-element-button\" href=\"https:\/\/mydiscoverit.ca\/wp-content\/uploads\/2024\/10\/13-Entrevue-avec-une-personne-dage-dor.pdf\">T\u00e9l\u00e9charger le PDF<\/a><\/div>\n<\/div>\n<\/div>\n\n\n\n<div class=\"wp-block-column is-layout-flow wp-block-column-is-layout-flow\"><\/div>\n<\/div>\n","protected":false},"excerpt":{"rendered":"<p>Recherchez les ressources p\u00e9dagogiques de DiscoverIT sur le th\u00e8me du style architectural, par niveau et par sujet. Dans votre propre quartier ou collectivit\u00e9, commencez \u00e0 examiner plus attentivement les b\u00e2timents et d\u00e9couvrez des d\u00e9tails et des \u00e9l\u00e9ments que vous n\u2019aviez pas remarqu\u00e9s. Vous pourrez reconna\u00eetre les similitudes et les diff\u00e9rences architecturales qui distinguent votre quartier [&hellip;]<\/p>\n","protected":false},"author":1,"featured_media":0,"parent":0,"menu_order":0,"comment_status":"closed","ping_status":"closed","template":"","meta":{"_acf_changed":false,"footnotes":""},"class_list":["post-8283","page","type-page","status-publish","hentry"],"acf":[],"yoast_head":"<!-- This site is optimized with the Yoast SEO plugin v27.3 - https:\/\/yoast.com\/product\/yoast-seo-wordpress\/ -->\n<title>Ressources p\u00e9dagogiques - DiscoverIT<\/title>\n<meta name=\"description\" content=\"These resources help you learn and teach about historic built heritage buildings, their styles, significance, and more.\" \/>\n<meta name=\"robots\" content=\"index, follow, max-snippet:-1, max-image-preview:large, max-video-preview:-1\" \/>\n<link rel=\"canonical\" href=\"https:\/\/mydiscoverit.ca\/fr\/ressources-pedagogiques\/\" \/>\n<meta property=\"og:locale\" content=\"fr_CA\" \/>\n<meta property=\"og:type\" content=\"article\" \/>\n<meta property=\"og:title\" content=\"Ressources p\u00e9dagogiques - DiscoverIT\" \/>\n<meta property=\"og:description\" content=\"These resources help you learn and teach about historic built heritage buildings, their styles, significance, and more.\" \/>\n<meta property=\"og:url\" content=\"https:\/\/mydiscoverit.ca\/fr\/ressources-pedagogiques\/\" \/>\n<meta property=\"og:site_name\" content=\"DiscoverIT\" \/>\n<meta property=\"article:modified_time\" content=\"2024-10-02T19:54:26+00:00\" \/>\n<meta property=\"og:image\" content=\"https:\/\/mydiscoverit.ca\/wp-content\/uploads\/2023\/08\/MG_1930-scaled-1-1024x683.jpg\" \/>\n<meta name=\"twitter:card\" content=\"summary_large_image\" \/>\n<meta name=\"twitter:label1\" content=\"Estimation du temps de lecture\" \/>\n\t<meta name=\"twitter:data1\" content=\"3 minutes\" \/>\n<script type=\"application\/ld+json\" class=\"yoast-schema-graph\">{\"@context\":\"https:\\\/\\\/schema.org\",\"@graph\":[{\"@type\":\"WebPage\",\"@id\":\"https:\\\/\\\/mydiscoverit.ca\\\/fr\\\/ressources-pedagogiques\\\/\",\"url\":\"https:\\\/\\\/mydiscoverit.ca\\\/fr\\\/ressources-pedagogiques\\\/\",\"name\":\"Ressources p\u00e9dagogiques - DiscoverIT\",\"isPartOf\":{\"@id\":\"https:\\\/\\\/mydiscoverit.ca\\\/fr\\\/#website\"},\"primaryImageOfPage\":{\"@id\":\"https:\\\/\\\/mydiscoverit.ca\\\/fr\\\/ressources-pedagogiques\\\/#primaryimage\"},\"image\":{\"@id\":\"https:\\\/\\\/mydiscoverit.ca\\\/fr\\\/ressources-pedagogiques\\\/#primaryimage\"},\"thumbnailUrl\":\"https:\\\/\\\/mydiscoverit.ca\\\/wp-content\\\/uploads\\\/2023\\\/08\\\/MG_1930-scaled-1-1024x683.jpg\",\"datePublished\":\"2020-06-17T20:00:59+00:00\",\"dateModified\":\"2024-10-02T19:54:26+00:00\",\"description\":\"These resources help you learn and teach about historic built heritage buildings, their styles, significance, and more.\",\"breadcrumb\":{\"@id\":\"https:\\\/\\\/mydiscoverit.ca\\\/fr\\\/ressources-pedagogiques\\\/#breadcrumb\"},\"inLanguage\":\"fr-CA\",\"potentialAction\":[{\"@type\":\"ReadAction\",\"target\":[\"https:\\\/\\\/mydiscoverit.ca\\\/fr\\\/ressources-pedagogiques\\\/\"]}]},{\"@type\":\"ImageObject\",\"inLanguage\":\"fr-CA\",\"@id\":\"https:\\\/\\\/mydiscoverit.ca\\\/fr\\\/ressources-pedagogiques\\\/#primaryimage\",\"url\":\"https:\\\/\\\/mydiscoverit.ca\\\/wp-content\\\/uploads\\\/2023\\\/08\\\/MG_1930-scaled-1-1024x683.jpg\",\"contentUrl\":\"https:\\\/\\\/mydiscoverit.ca\\\/wp-content\\\/uploads\\\/2023\\\/08\\\/MG_1930-scaled-1-1024x683.jpg\"},{\"@type\":\"BreadcrumbList\",\"@id\":\"https:\\\/\\\/mydiscoverit.ca\\\/fr\\\/ressources-pedagogiques\\\/#breadcrumb\",\"itemListElement\":[{\"@type\":\"ListItem\",\"position\":1,\"name\":\"Home\",\"item\":\"https:\\\/\\\/www.mydiscoverit.ca\\\/fr\\\/\"},{\"@type\":\"ListItem\",\"position\":2,\"name\":\"Ressources p\u00e9dagogiques\"}]},{\"@type\":\"WebSite\",\"@id\":\"https:\\\/\\\/mydiscoverit.ca\\\/fr\\\/#website\",\"url\":\"https:\\\/\\\/mydiscoverit.ca\\\/fr\\\/\",\"name\":\"DiscoverIT\",\"description\":\"Discover heritage buildings and architecture.\",\"potentialAction\":[{\"@type\":\"SearchAction\",\"target\":{\"@type\":\"EntryPoint\",\"urlTemplate\":\"https:\\\/\\\/mydiscoverit.ca\\\/fr\\\/?s={search_term_string}\"},\"query-input\":{\"@type\":\"PropertyValueSpecification\",\"valueRequired\":true,\"valueName\":\"search_term_string\"}}],\"inLanguage\":\"fr-CA\"}]}<\/script>\n<!-- \/ Yoast SEO plugin. -->","yoast_head_json":{"title":"Ressources p\u00e9dagogiques - DiscoverIT","description":"These resources help you learn and teach about historic built heritage buildings, their styles, significance, and more.","robots":{"index":"index","follow":"follow","max-snippet":"max-snippet:-1","max-image-preview":"max-image-preview:large","max-video-preview":"max-video-preview:-1"},"canonical":"https:\/\/mydiscoverit.ca\/fr\/ressources-pedagogiques\/","og_locale":"fr_CA","og_type":"article","og_title":"Ressources p\u00e9dagogiques - DiscoverIT","og_description":"These resources help you learn and teach about historic built heritage buildings, their styles, significance, and more.","og_url":"https:\/\/mydiscoverit.ca\/fr\/ressources-pedagogiques\/","og_site_name":"DiscoverIT","article_modified_time":"2024-10-02T19:54:26+00:00","og_image":[{"url":"https:\/\/mydiscoverit.ca\/wp-content\/uploads\/2023\/08\/MG_1930-scaled-1-1024x683.jpg","type":"","width":"","height":""}],"twitter_card":"summary_large_image","twitter_misc":{"Estimation du temps de lecture":"3 minutes"},"schema":{"@context":"https:\/\/schema.org","@graph":[{"@type":"WebPage","@id":"https:\/\/mydiscoverit.ca\/fr\/ressources-pedagogiques\/","url":"https:\/\/mydiscoverit.ca\/fr\/ressources-pedagogiques\/","name":"Ressources p\u00e9dagogiques - DiscoverIT","isPartOf":{"@id":"https:\/\/mydiscoverit.ca\/fr\/#website"},"primaryImageOfPage":{"@id":"https:\/\/mydiscoverit.ca\/fr\/ressources-pedagogiques\/#primaryimage"},"image":{"@id":"https:\/\/mydiscoverit.ca\/fr\/ressources-pedagogiques\/#primaryimage"},"thumbnailUrl":"https:\/\/mydiscoverit.ca\/wp-content\/uploads\/2023\/08\/MG_1930-scaled-1-1024x683.jpg","datePublished":"2020-06-17T20:00:59+00:00","dateModified":"2024-10-02T19:54:26+00:00","description":"These resources help you learn and teach about historic built heritage buildings, their styles, significance, and more.","breadcrumb":{"@id":"https:\/\/mydiscoverit.ca\/fr\/ressources-pedagogiques\/#breadcrumb"},"inLanguage":"fr-CA","potentialAction":[{"@type":"ReadAction","target":["https:\/\/mydiscoverit.ca\/fr\/ressources-pedagogiques\/"]}]},{"@type":"ImageObject","inLanguage":"fr-CA","@id":"https:\/\/mydiscoverit.ca\/fr\/ressources-pedagogiques\/#primaryimage","url":"https:\/\/mydiscoverit.ca\/wp-content\/uploads\/2023\/08\/MG_1930-scaled-1-1024x683.jpg","contentUrl":"https:\/\/mydiscoverit.ca\/wp-content\/uploads\/2023\/08\/MG_1930-scaled-1-1024x683.jpg"},{"@type":"BreadcrumbList","@id":"https:\/\/mydiscoverit.ca\/fr\/ressources-pedagogiques\/#breadcrumb","itemListElement":[{"@type":"ListItem","position":1,"name":"Home","item":"https:\/\/www.mydiscoverit.ca\/fr\/"},{"@type":"ListItem","position":2,"name":"Ressources p\u00e9dagogiques"}]},{"@type":"WebSite","@id":"https:\/\/mydiscoverit.ca\/fr\/#website","url":"https:\/\/mydiscoverit.ca\/fr\/","name":"DiscoverIT","description":"Discover heritage buildings and architecture.","potentialAction":[{"@type":"SearchAction","target":{"@type":"EntryPoint","urlTemplate":"https:\/\/mydiscoverit.ca\/fr\/?s={search_term_string}"},"query-input":{"@type":"PropertyValueSpecification","valueRequired":true,"valueName":"search_term_string"}}],"inLanguage":"fr-CA"}]}},"_links":{"self":[{"href":"https:\/\/mydiscoverit.ca\/fr\/wp-json\/wp\/v2\/pages\/8283","targetHints":{"allow":["GET"]}}],"collection":[{"href":"https:\/\/mydiscoverit.ca\/fr\/wp-json\/wp\/v2\/pages"}],"about":[{"href":"https:\/\/mydiscoverit.ca\/fr\/wp-json\/wp\/v2\/types\/page"}],"author":[{"embeddable":true,"href":"https:\/\/mydiscoverit.ca\/fr\/wp-json\/wp\/v2\/users\/1"}],"replies":[{"embeddable":true,"href":"https:\/\/mydiscoverit.ca\/fr\/wp-json\/wp\/v2\/comments?post=8283"}],"version-history":[{"count":10,"href":"https:\/\/mydiscoverit.ca\/fr\/wp-json\/wp\/v2\/pages\/8283\/revisions"}],"predecessor-version":[{"id":11056,"href":"https:\/\/mydiscoverit.ca\/fr\/wp-json\/wp\/v2\/pages\/8283\/revisions\/11056"}],"wp:attachment":[{"href":"https:\/\/mydiscoverit.ca\/fr\/wp-json\/wp\/v2\/media?parent=8283"}],"curies":[{"name":"wp","href":"https:\/\/api.w.org\/{rel}","templated":true}]}}