{"id":10407,"date":"2018-09-18T16:48:49","date_gmt":"2018-09-18T20:48:49","guid":{"rendered":"https:\/\/mydiscoverit.ca\/privacy-policy\/"},"modified":"2024-07-16T16:03:21","modified_gmt":"2024-07-16T21:03:21","slug":"politique-en-matiere-de-protection-de-la-vie-privee","status":"publish","type":"page","link":"https:\/\/mydiscoverit.ca\/fr\/politique-en-matiere-de-protection-de-la-vie-privee\/","title":{"rendered":"Politique en mati\u00e8re de protection de la vie priv\u00e9e"},"content":{"rendered":"<h2>Quelles donn\u00e9es personnelles recueillons-nous, et pour quelle raison?<\/h2>\n<h3>B\u00e2timents ayant fait l\u2019objet d\u2019une contribution<\/h3>\n<p>Quand un visiteur contribue \u00e0 la liste de b\u00e2timents de notre site, nous recueillons les donn\u00e9es indiqu\u00e9es dans le formulaire soumis, ainsi que l\u2019adresse IP et la cha\u00eene d\u2019agent utilisateur de son navigateur, afin de faciliter la d\u00e9tection des pourriels et d\u2019am\u00e9liorer la s\u00e9curit\u00e9 et l\u2019exp\u00e9rience utilisateur. Les textes sur les b\u00e2timents soumis par les utilisateurs peuvent \u00eatre mis \u00e0 la disposition des autres visiteurs, sauf s\u2019ils sont explicitement d\u00e9sign\u00e9s comme priv\u00e9s. Nous pouvons utiliser ou modifier les contenus t\u00e9l\u00e9charg\u00e9s \u00e0 des fins de promotion du site.<\/p>\n<h3>T\u00e9moins<\/h3>\n<p>Si vous modifiez ou soumettez des donn\u00e9es, notamment un article sur un b\u00e2timent, un fichier t\u00e9moin suppl\u00e9mentaire sera enregistr\u00e9 dans votre navigateur. Ce t\u00e9moin ne comprend aucune donn\u00e9e personnelle. Il indique simplement l\u2019identifiant de l\u2019article que vous venez de modifier.<\/p>\n<h3>Contenu int\u00e9gr\u00e9 provenant d\u2019autres sites Web<\/h3>\n<p>Les articles de ce site peuvent inclure du contenu int\u00e9gr\u00e9 (p. ex. des vid\u00e9os, des images, des \u00e9l\u00e9ments interactifs comme des cartes, etc.). Le contenu int\u00e9gr\u00e9 provenant d\u2019autres sites Web se comporte exactement de la m\u00eame mani\u00e8re que si le visiteur avait visit\u00e9 l\u2019autre site Web.<\/p>\n<p>Ces sites Web externes peuvent recueillir des donn\u00e9es vous concernant, utiliser des t\u00e9moins, int\u00e9grer un suivi tiers suppl\u00e9mentaire et surveiller votre interaction avec ce contenu int\u00e9gr\u00e9, notamment en suivant votre interaction avec le contenu int\u00e9gr\u00e9 si vous avez un compte et \u00eates connect\u00e9 \u00e0 ce site Web.<\/p>\n<h3>Analytics<\/h3>\n<p>Nous pouvons utiliser Google Analytics pour suivre de mani\u00e8re anonyme votre utilisation de notre site Web. Nous utilisons ces donn\u00e9es pour analyser et am\u00e9liorer notre site Web et l\u2019exp\u00e9rience qu\u2019il procure. Vous trouverez des renseignements sur la politique de Google en mati\u00e8re de confidentialit\u00e9 ici : <a href=\"https:\/\/policies.google.com\/technologies\/partner-sites?hl=fr-CA\">https:\/\/policies.google.com\/technologies\/partner-sites?hl=fr-CA<\/a><\/p>\n<h3>Dur\u00e9e de la conservation de vos donn\u00e9es<\/h3>\n<p>Si vous soumettez un contenu, ce dernier et ses m\u00e9tadonn\u00e9es sont conserv\u00e9s ind\u00e9finiment. Nous pouvons ainsi reconna\u00eetre et approuver tout contenu subs\u00e9quent, d\u00e9tecter les pourriels et analyser l\u2019utilisation afin d\u2019offrir une meilleure exp\u00e9rience utilisateur.<\/p>\n<h3>Transmission de vos donn\u00e9es<\/h3>\n<p class=\"BodyA\"><span class=\"None\"><span lang=\"FR-CA\">Votre utilisation du site peut \u00eatre analys\u00e9e de mani\u00e8re anonyme par Google\u00a0Analytics. Le contenu que vous soumettez peut \u00eatre transmis \u00e0 Mus\u00e9es num\u00e9riques Canada, \u00e0 Heritage\u00a0Winnipeg et \u00e0 Pattern\u00a0Interactive. Nous ne transmettrons vos donn\u00e9es \u00e0 aucune autre tierce\u00a0partie. Nous n\u2019achetons pas, ne vendons pas, ne louons pas et ne partageons pas de listes ou de renseignements personnels.<\/span><\/span><\/p>\n<h3>Renseignements suppl\u00e9mentaires<\/h3>\n<h4>Protection de vos donn\u00e9es<\/h4>\n<p>Nous utilisons le cryptage SSL\/HTTPS pour s\u00e9curiser vos donn\u00e9es et emp\u00eacher les parties non autoris\u00e9es d\u2019y avoir acc\u00e8s. Des programmeurs de logiciels et des logiciels automatis\u00e9s surveillent et analysent les vuln\u00e9rabilit\u00e9s et les failles de s\u00e9curit\u00e9, emp\u00eachant les pirates de compromettre vos donn\u00e9es.<\/p>\n","protected":false},"excerpt":{"rendered":"<p>Quelles donn\u00e9es personnelles recueillons-nous, et pour quelle raison? B\u00e2timents ayant fait l\u2019objet d\u2019une contribution Quand un visiteur contribue \u00e0 la liste de b\u00e2timents de notre site, nous recueillons les donn\u00e9es indiqu\u00e9es dans le formulaire soumis, ainsi que l\u2019adresse IP et la cha\u00eene d\u2019agent utilisateur de son navigateur, afin de faciliter la d\u00e9tection des pourriels et [&hellip;]<\/p>\n","protected":false},"author":1,"featured_media":0,"parent":0,"menu_order":0,"comment_status":"closed","ping_status":"open","template":"","meta":{"_acf_changed":false,"footnotes":""},"class_list":["post-10407","page","type-page","status-publish","hentry"],"acf":[],"yoast_head":"<!-- This site is optimized with the Yoast SEO plugin v27.3 - https:\/\/yoast.com\/product\/yoast-seo-wordpress\/ -->\n<title>Politique en mati\u00e8re de protection de la vie priv\u00e9e - DiscoverIT<\/title>\n<meta name=\"robots\" content=\"index, follow, max-snippet:-1, max-image-preview:large, max-video-preview:-1\" \/>\n<link rel=\"canonical\" href=\"https:\/\/mydiscoverit.ca\/fr\/politique-en-matiere-de-protection-de-la-vie-privee\/\" \/>\n<meta property=\"og:locale\" content=\"fr_CA\" \/>\n<meta property=\"og:type\" content=\"article\" \/>\n<meta property=\"og:title\" content=\"Politique en mati\u00e8re de protection de la vie priv\u00e9e - DiscoverIT\" \/>\n<meta property=\"og:description\" content=\"Quelles donn\u00e9es personnelles recueillons-nous, et pour quelle raison? B\u00e2timents ayant fait l\u2019objet d\u2019une contribution Quand un visiteur contribue \u00e0 la liste de b\u00e2timents de notre site, nous recueillons les donn\u00e9es indiqu\u00e9es dans le formulaire soumis, ainsi que l\u2019adresse IP et la cha\u00eene d\u2019agent utilisateur de son navigateur, afin de faciliter la d\u00e9tection des pourriels et [&hellip;]\" \/>\n<meta property=\"og:url\" content=\"https:\/\/mydiscoverit.ca\/fr\/politique-en-matiere-de-protection-de-la-vie-privee\/\" \/>\n<meta property=\"og:site_name\" content=\"DiscoverIT\" \/>\n<meta property=\"article:modified_time\" content=\"2024-07-16T21:03:21+00:00\" \/>\n<meta name=\"twitter:card\" content=\"summary_large_image\" \/>\n<meta name=\"twitter:label1\" content=\"Estimation du temps de lecture\" \/>\n\t<meta name=\"twitter:data1\" content=\"2 minutes\" \/>\n<script type=\"application\/ld+json\" class=\"yoast-schema-graph\">{\"@context\":\"https:\\\/\\\/schema.org\",\"@graph\":[{\"@type\":\"WebPage\",\"@id\":\"https:\\\/\\\/mydiscoverit.ca\\\/fr\\\/politique-en-matiere-de-protection-de-la-vie-privee\\\/\",\"url\":\"https:\\\/\\\/mydiscoverit.ca\\\/fr\\\/politique-en-matiere-de-protection-de-la-vie-privee\\\/\",\"name\":\"Politique en mati\u00e8re de protection de la vie priv\u00e9e - DiscoverIT\",\"isPartOf\":{\"@id\":\"https:\\\/\\\/mydiscoverit.ca\\\/fr\\\/#website\"},\"datePublished\":\"2018-09-18T20:48:49+00:00\",\"dateModified\":\"2024-07-16T21:03:21+00:00\",\"breadcrumb\":{\"@id\":\"https:\\\/\\\/mydiscoverit.ca\\\/fr\\\/politique-en-matiere-de-protection-de-la-vie-privee\\\/#breadcrumb\"},\"inLanguage\":\"fr-CA\",\"potentialAction\":[{\"@type\":\"ReadAction\",\"target\":[\"https:\\\/\\\/mydiscoverit.ca\\\/fr\\\/politique-en-matiere-de-protection-de-la-vie-privee\\\/\"]}]},{\"@type\":\"BreadcrumbList\",\"@id\":\"https:\\\/\\\/mydiscoverit.ca\\\/fr\\\/politique-en-matiere-de-protection-de-la-vie-privee\\\/#breadcrumb\",\"itemListElement\":[{\"@type\":\"ListItem\",\"position\":1,\"name\":\"Home\",\"item\":\"https:\\\/\\\/www.mydiscoverit.ca\\\/fr\\\/\"},{\"@type\":\"ListItem\",\"position\":2,\"name\":\"Politique en mati\u00e8re de protection de la vie priv\u00e9e\"}]},{\"@type\":\"WebSite\",\"@id\":\"https:\\\/\\\/mydiscoverit.ca\\\/fr\\\/#website\",\"url\":\"https:\\\/\\\/mydiscoverit.ca\\\/fr\\\/\",\"name\":\"DiscoverIT\",\"description\":\"Discover heritage buildings and architecture.\",\"potentialAction\":[{\"@type\":\"SearchAction\",\"target\":{\"@type\":\"EntryPoint\",\"urlTemplate\":\"https:\\\/\\\/mydiscoverit.ca\\\/fr\\\/?s={search_term_string}\"},\"query-input\":{\"@type\":\"PropertyValueSpecification\",\"valueRequired\":true,\"valueName\":\"search_term_string\"}}],\"inLanguage\":\"fr-CA\"}]}<\/script>\n<!-- \/ Yoast SEO plugin. -->","yoast_head_json":{"title":"Politique en mati\u00e8re de protection de la vie priv\u00e9e - DiscoverIT","robots":{"index":"index","follow":"follow","max-snippet":"max-snippet:-1","max-image-preview":"max-image-preview:large","max-video-preview":"max-video-preview:-1"},"canonical":"https:\/\/mydiscoverit.ca\/fr\/politique-en-matiere-de-protection-de-la-vie-privee\/","og_locale":"fr_CA","og_type":"article","og_title":"Politique en mati\u00e8re de protection de la vie priv\u00e9e - DiscoverIT","og_description":"Quelles donn\u00e9es personnelles recueillons-nous, et pour quelle raison? B\u00e2timents ayant fait l\u2019objet d\u2019une contribution Quand un visiteur contribue \u00e0 la liste de b\u00e2timents de notre site, nous recueillons les donn\u00e9es indiqu\u00e9es dans le formulaire soumis, ainsi que l\u2019adresse IP et la cha\u00eene d\u2019agent utilisateur de son navigateur, afin de faciliter la d\u00e9tection des pourriels et [&hellip;]","og_url":"https:\/\/mydiscoverit.ca\/fr\/politique-en-matiere-de-protection-de-la-vie-privee\/","og_site_name":"DiscoverIT","article_modified_time":"2024-07-16T21:03:21+00:00","twitter_card":"summary_large_image","twitter_misc":{"Estimation du temps de lecture":"2 minutes"},"schema":{"@context":"https:\/\/schema.org","@graph":[{"@type":"WebPage","@id":"https:\/\/mydiscoverit.ca\/fr\/politique-en-matiere-de-protection-de-la-vie-privee\/","url":"https:\/\/mydiscoverit.ca\/fr\/politique-en-matiere-de-protection-de-la-vie-privee\/","name":"Politique en mati\u00e8re de protection de la vie priv\u00e9e - DiscoverIT","isPartOf":{"@id":"https:\/\/mydiscoverit.ca\/fr\/#website"},"datePublished":"2018-09-18T20:48:49+00:00","dateModified":"2024-07-16T21:03:21+00:00","breadcrumb":{"@id":"https:\/\/mydiscoverit.ca\/fr\/politique-en-matiere-de-protection-de-la-vie-privee\/#breadcrumb"},"inLanguage":"fr-CA","potentialAction":[{"@type":"ReadAction","target":["https:\/\/mydiscoverit.ca\/fr\/politique-en-matiere-de-protection-de-la-vie-privee\/"]}]},{"@type":"BreadcrumbList","@id":"https:\/\/mydiscoverit.ca\/fr\/politique-en-matiere-de-protection-de-la-vie-privee\/#breadcrumb","itemListElement":[{"@type":"ListItem","position":1,"name":"Home","item":"https:\/\/www.mydiscoverit.ca\/fr\/"},{"@type":"ListItem","position":2,"name":"Politique en mati\u00e8re de protection de la vie priv\u00e9e"}]},{"@type":"WebSite","@id":"https:\/\/mydiscoverit.ca\/fr\/#website","url":"https:\/\/mydiscoverit.ca\/fr\/","name":"DiscoverIT","description":"Discover heritage buildings and architecture.","potentialAction":[{"@type":"SearchAction","target":{"@type":"EntryPoint","urlTemplate":"https:\/\/mydiscoverit.ca\/fr\/?s={search_term_string}"},"query-input":{"@type":"PropertyValueSpecification","valueRequired":true,"valueName":"search_term_string"}}],"inLanguage":"fr-CA"}]}},"_links":{"self":[{"href":"https:\/\/mydiscoverit.ca\/fr\/wp-json\/wp\/v2\/pages\/10407","targetHints":{"allow":["GET"]}}],"collection":[{"href":"https:\/\/mydiscoverit.ca\/fr\/wp-json\/wp\/v2\/pages"}],"about":[{"href":"https:\/\/mydiscoverit.ca\/fr\/wp-json\/wp\/v2\/types\/page"}],"author":[{"embeddable":true,"href":"https:\/\/mydiscoverit.ca\/fr\/wp-json\/wp\/v2\/users\/1"}],"replies":[{"embeddable":true,"href":"https:\/\/mydiscoverit.ca\/fr\/wp-json\/wp\/v2\/comments?post=10407"}],"version-history":[{"count":2,"href":"https:\/\/mydiscoverit.ca\/fr\/wp-json\/wp\/v2\/pages\/10407\/revisions"}],"predecessor-version":[{"id":10411,"href":"https:\/\/mydiscoverit.ca\/fr\/wp-json\/wp\/v2\/pages\/10407\/revisions\/10411"}],"wp:attachment":[{"href":"https:\/\/mydiscoverit.ca\/fr\/wp-json\/wp\/v2\/media?parent=10407"}],"curies":[{"name":"wp","href":"https:\/\/api.w.org\/{rel}","templated":true}]}}